{"id":13,"date":"2026-01-28T13:34:14","date_gmt":"2026-01-28T13:34:14","guid":{"rendered":"https:\/\/lafabriquedemotions.fr\/?page_id=13"},"modified":"2026-03-13T13:02:35","modified_gmt":"2026-03-13T13:02:35","slug":"portrait","status":"publish","type":"page","link":"https:\/\/lafabriquedemotions.fr\/index.php\/portrait\/","title":{"rendered":"Portrait"},"content":{"rendered":"<p>[et_pb_section fb_built=\u00a0\u00bb1&Prime; _builder_version=\u00a0\u00bb4.27.5&Prime; _module_preset=\u00a0\u00bbdefault\u00a0\u00bb background_color=\u00a0\u00bb#fafaf8&Prime; custom_margin=\u00a0\u00bb0px||0px||true|false\u00a0\u00bb custom_padding=\u00a0\u00bb0px||0px||true|\u00a0\u00bb global_colors_info=\u00a0\u00bb{}\u00a0\u00bb][et_pb_row column_structure=\u00a0\u00bb1_3,1_3,1_3&Prime; _builder_version=\u00a0\u00bb4.27.5&Prime; _module_preset=\u00a0\u00bbdefault\u00a0\u00bb width=\u00a0\u00bb99%\u00a0\u00bb max_width=\u00a0\u00bb1732px\u00a0\u00bb custom_padding=\u00a0\u00bb4px||4px|||\u00a0\u00bb hover_enabled=\u00a0\u00bb0&Prime; global_colors_info=\u00a0\u00bb{}\u00a0\u00bb use_custom_gutter=\u00a0\u00bbon\u00a0\u00bb make_equal=\u00a0\u00bbon\u00a0\u00bb sticky_enabled=\u00a0\u00bb0&Prime;][et_pb_column type=\u00a0\u00bb1_3&Prime; _builder_version=\u00a0\u00bb4.27.5&Prime; _module_preset=\u00a0\u00bbdefault\u00a0\u00bb global_colors_info=\u00a0\u00bb{}\u00a0\u00bb][et_pb_image src=\u00a0\u00bbhttps:\/\/lafabriquedemotions.fr\/wp-content\/uploads\/2026\/02\/Sans-titre-700-x-850-px.png\u00a0\u00bb title_text=\u00a0\u00bbSans titre (700 x 850 px)\u00a0\u00bb _builder_version=\u00a0\u00bb4.27.5&Prime; _module_preset=\u00a0\u00bbdefault\u00a0\u00bb hover_enabled=\u00a0\u00bb0&Prime; global_colors_info=\u00a0\u00bb{}\u00a0\u00bb align=\u00a0\u00bbcenter\u00a0\u00bb sticky_enabled=\u00a0\u00bb0&Prime;][\/et_pb_image][\/et_pb_column][et_pb_column type=\u00a0\u00bb1_3&Prime; _builder_version=\u00a0\u00bb4.27.5&Prime; _module_preset=\u00a0\u00bbdefault\u00a0\u00bb background_color=\u00a0\u00bb#fafaf8&Prime; hover_enabled=\u00a0\u00bb0&Prime; global_colors_info=\u00a0\u00bb{}\u00a0\u00bb sticky_enabled=\u00a0\u00bb0&Prime; custom_css_main_element=\u00a0\u00bbmargin:auto\u00a0\u00bb][et_pb_image src=\u00a0\u00bbhttps:\/\/lafabriquedemotions.fr\/wp-content\/uploads\/2026\/01\/identite_visuelle_entre-les-textes.png\u00a0\u00bb _builder_version=\u00a0\u00bb4.27.5&Prime; _module_preset=\u00a0\u00bbdefault\u00a0\u00bb title_text=\u00a0\u00bbidentite\u0301_visuelle_entre les textes\u00a0\u00bb align=\u00a0\u00bbcenter\u00a0\u00bb width=\u00a0\u00bb12%\u00a0\u00bb hover_enabled=\u00a0\u00bb0&Prime; sticky_enabled=\u00a0\u00bb0&Prime; custom_margin=\u00a0\u00bb||40px||false|false\u00a0\u00bb width_last_edited=\u00a0\u00bbon|phone\u00a0\u00bb width_phone=\u00a0\u00bb15%\u00a0\u00bb width_tablet=\u00a0\u00bb12%\u00a0\u00bb][\/et_pb_image][et_pb_text _builder_version=\u00a0\u00bb4.27.5&Prime; _module_preset=\u00a0\u00bbdefault\u00a0\u00bb text_font=\u00a0\u00bbMontserrat||||||||\u00a0\u00bb text_text_color=\u00a0\u00bb#21315F\u00a0\u00bb header_font=\u00a0\u00bbCormorant Garamond|||on|||||\u00a0\u00bb header_text_color=\u00a0\u00bb#21315F\u00a0\u00bb header_font_size=\u00a0\u00bb40px\u00a0\u00bb background_enable_color=\u00a0\u00bboff\u00a0\u00bb custom_margin=\u00a0\u00bb||||false|false\u00a0\u00bb custom_margin_tablet=\u00a0\u00bb\u00a0\u00bb custom_margin_phone=\u00a0\u00bb0px|0px|||false|false\u00a0\u00bb custom_margin_last_edited=\u00a0\u00bbon|phone\u00a0\u00bb custom_padding=\u00a0\u00bb|0px||0px|true|true\u00a0\u00bb custom_padding_tablet=\u00a0\u00bb\u00a0\u00bb custom_padding_phone=\u00a0\u00bb0px||30px||false|true\u00a0\u00bb custom_padding_last_edited=\u00a0\u00bbon|phone\u00a0\u00bb hover_enabled=\u00a0\u00bb0&Prime; global_colors_info=\u00a0\u00bb{}\u00a0\u00bb sticky_enabled=\u00a0\u00bb0&Prime;]<\/p>\n<h1 style=\"text-align: center;\">portrait<\/h1>\n<p style=\"text-align: center;\"><span>D\u00e9couvrez ce qui ce cache derri\u00e8re La Fabrique d\u2019\u00c9motions&#8230;<\/span><\/p>\n<p>[\/et_pb_text][\/et_pb_column][et_pb_column type=\u00a0\u00bb1_3&Prime; _builder_version=\u00a0\u00bb4.27.5&Prime; _module_preset=\u00a0\u00bbdefault\u00a0\u00bb global_colors_info=\u00a0\u00bb{}\u00a0\u00bb][et_pb_image src=\u00a0\u00bbhttps:\/\/lafabriquedemotions.fr\/wp-content\/uploads\/2026\/03\/Sans-titre-700-x-850-px-2.png\u00a0\u00bb title_text=\u00a0\u00bbSans titre (700 x 850 px) (2)\u00a0\u00bb _builder_version=\u00a0\u00bb4.27.5&Prime; _module_preset=\u00a0\u00bbdefault\u00a0\u00bb custom_padding_tablet=\u00a0\u00bb\u00a0\u00bb custom_padding_phone=\u00a0\u00bb||||true|false\u00a0\u00bb custom_padding_last_edited=\u00a0\u00bbon|phone\u00a0\u00bb hover_enabled=\u00a0\u00bb0&Prime; global_colors_info=\u00a0\u00bb{}\u00a0\u00bb align=\u00a0\u00bbcenter\u00a0\u00bb sticky_enabled=\u00a0\u00bb0&Prime;][\/et_pb_image][\/et_pb_column][\/et_pb_row][\/et_pb_section][et_pb_section fb_built=\u00a0\u00bb1&Prime; _builder_version=\u00a0\u00bb4.27.5&Prime; _module_preset=\u00a0\u00bbdefault\u00a0\u00bb global_colors_info=\u00a0\u00bb{}\u00a0\u00bb][et_pb_row column_structure=\u00a0\u00bb1_2,1_2&Prime; _builder_version=\u00a0\u00bb4.27.5&Prime; _module_preset=\u00a0\u00bbdefault\u00a0\u00bb width=\u00a0\u00bb91%\u00a0\u00bb max_width=\u00a0\u00bb1840px\u00a0\u00bb global_colors_info=\u00a0\u00bb{}\u00a0\u00bb][et_pb_column type=\u00a0\u00bb1_2&Prime; _builder_version=\u00a0\u00bb4.27.5&Prime; _module_preset=\u00a0\u00bbdefault\u00a0\u00bb global_colors_info=\u00a0\u00bb{}\u00a0\u00bb][et_pb_image src=\u00a0\u00bbhttps:\/\/lafabriquedemotions.fr\/wp-content\/uploads\/2026\/02\/3_Sarah-ARBI.png\u00a0\u00bb title_text=\u00a0\u00bb3_Sarah ARBI\u00a0\u00bb _builder_version=\u00a0\u00bb4.27.5&Prime; _module_preset=\u00a0\u00bbdefault\u00a0\u00bb global_colors_info=\u00a0\u00bb{}\u00a0\u00bb][\/et_pb_image][\/et_pb_column][et_pb_column type=\u00a0\u00bb1_2&Prime; _builder_version=\u00a0\u00bb4.27.5&Prime; _module_preset=\u00a0\u00bbdefault\u00a0\u00bb global_colors_info=\u00a0\u00bb{}\u00a0\u00bb][et_pb_text _builder_version=\u00a0\u00bb4.27.5&Prime; _module_preset=\u00a0\u00bbdefault\u00a0\u00bb text_font=\u00a0\u00bbMontserrat||||||||\u00a0\u00bb text_text_color=\u00a0\u00bb#21315F\u00a0\u00bb header_font=\u00a0\u00bbCormorant Garamond||||||||\u00a0\u00bb header_text_align=\u00a0\u00bbleft\u00a0\u00bb header_text_color=\u00a0\u00bb#21315F\u00a0\u00bb header_4_font=\u00a0\u00bbCormorant Garamond||||||||\u00a0\u00bb header_4_text_color=\u00a0\u00bb#21315F\u00a0\u00bb global_colors_info=\u00a0\u00bb{}\u00a0\u00bb]<\/p>\n<h1 style=\"text-align: justify;\">SARAH ARBI<br \/>Event Planner &amp; Designer<\/h1>\n<p>&nbsp;<\/p>\n<h4 style=\"text-align: justify;\"><strong>MON PARCOURS<\/strong><\/h4>\n<p style=\"text-align: justify;\">Dipl\u00f4m\u00e9e d&rsquo;un BTS Communication et d&rsquo;un Bachelor \u00c9v\u00e9nementiel \u00e0 Aix-en-Provence, j&rsquo;ai fait de ma passion pour l&rsquo;organisation mon m\u00e9tier. Qu&rsquo;il s&rsquo;agisse de c\u00e9l\u00e9brations familiales, d&rsquo;anniversaires ou de moments de vie pr\u00e9cieux, je mets mon expertise au service de vos \u00e9v\u00e9nements priv\u00e9s.<\/p>\n<p style=\"text-align: justify;\">J&rsquo;accompagne mes clients de la conception logistique (planning, prestataires) \u00e0 la cr\u00e9ation visuelle (sc\u00e9nographie, d\u00e9coration), pour une exp\u00e9rience cl\u00e9 en main.<\/p>\n<h4><strong>L\u2019ART DU D\u00c9TAIL<\/strong><\/h4>\n<p>Depuis mon plus jeune \u00e2ge, je suis passionn\u00e9e par les travaux manuels et la minutie. Ce go\u00fbt pour la pr\u00e9cision est le c\u0153ur de mon travail de Designer : je cr\u00e9e des sc\u00e9nographies sur mesure o\u00f9 chaque d\u00e9tail est pens\u00e9 pour \u00e9merveiller vos invit\u00e9s et sublimer votre r\u00e9ception.<\/p>\n<h4><strong>MA MISSION<\/strong><\/h4>\n<p>Fascin\u00e9e par l&rsquo;\u00e9motion que procure un \u00e9v\u00e9nement r\u00e9ussi, je m&rsquo;investis avec enthousiasme dans chaque projet. Mon r\u00f4le est de transformer vos r\u00eaves en r\u00e9alit\u00e9 gr\u00e2ce \u00e0 une organisation rigoureuse et une touche cr\u00e9ative unique, vous permettant ainsi de profiter pleinement de vos proches et de l&rsquo;instant pr\u00e9sent.<\/p>\n<p>[\/et_pb_text][et_pb_button button_url=\u00a0\u00bb@ET-DC@eyJkeW5hbWljIjp0cnVlLCJjb250ZW50IjoicG9zdF9saW5rX3VybF9wYWdlIiwic2V0dGluZ3MiOnsicG9zdF9pZCI6IjE5In19@\u00a0\u00bb button_text=\u00a0\u00bbRACONTEZ-MOI VOTRE HISTOIRE\u00a0\u00bb button_alignment=\u00a0\u00bbcenter\u00a0\u00bb _builder_version=\u00a0\u00bb4.27.5&Prime; _dynamic_attributes=\u00a0\u00bbbutton_url\u00a0\u00bb _module_preset=\u00a0\u00bbdefault\u00a0\u00bb custom_button=\u00a0\u00bbon\u00a0\u00bb button_text_size=\u00a0\u00bb18px\u00a0\u00bb button_text_color=\u00a0\u00bb#FFFFFF\u00a0\u00bb button_bg_color=\u00a0\u00bb#21315F\u00a0\u00bb button_border_width=\u00a0\u00bb1px\u00a0\u00bb button_font=\u00a0\u00bbCormorant Garamond||||||||\u00a0\u00bb global_colors_info=\u00a0\u00bb{}\u00a0\u00bb][\/et_pb_button][\/et_pb_column][\/et_pb_row][\/et_pb_section][et_pb_section fb_built=\u00a0\u00bb1&Prime; _builder_version=\u00a0\u00bb4.27.5&Prime; _module_preset=\u00a0\u00bbdefault\u00a0\u00bb custom_padding=\u00a0\u00bb0px|||||\u00a0\u00bb global_colors_info=\u00a0\u00bb{}\u00a0\u00bb][et_pb_row _builder_version=\u00a0\u00bb4.27.5&Prime; _module_preset=\u00a0\u00bbdefault\u00a0\u00bb global_colors_info=\u00a0\u00bb{}\u00a0\u00bb][et_pb_column type=\u00a0\u00bb4_4&Prime; _builder_version=\u00a0\u00bb4.27.5&Prime; _module_preset=\u00a0\u00bbdefault\u00a0\u00bb global_colors_info=\u00a0\u00bb{}\u00a0\u00bb][et_pb_text _builder_version=\u00a0\u00bb4.27.5&Prime; _module_preset=\u00a0\u00bbdefault\u00a0\u00bb header_font=\u00a0\u00bbCormorant Garamond||||||||\u00a0\u00bb header_text_color=\u00a0\u00bb#21315F\u00a0\u00bb custom_padding=\u00a0\u00bb||17px|||\u00a0\u00bb global_colors_info=\u00a0\u00bb{}\u00a0\u00bb]<\/p>\n<h1 style=\"text-align: center;\">LES INSPIRATIONS DE LA FABRIQUE D\u2019\u00c9MOTIONS<\/h1>\n<p>[\/et_pb_text][et_pb_divider color=\u00a0\u00bb#21315F\u00a0\u00bb divider_weight=\u00a0\u00bb1px\u00a0\u00bb _builder_version=\u00a0\u00bb4.27.5&Prime; _module_preset=\u00a0\u00bbdefault\u00a0\u00bb width=\u00a0\u00bb100%\u00a0\u00bb module_alignment=\u00a0\u00bbcenter\u00a0\u00bb custom_margin=\u00a0\u00bb-32px|||||\u00a0\u00bb global_colors_info=\u00a0\u00bb{}\u00a0\u00bb][\/et_pb_divider][\/et_pb_column][\/et_pb_row][et_pb_row column_structure=\u00a0\u00bb1_3,1_3,1_3&Prime; _builder_version=\u00a0\u00bb4.27.5&Prime; _module_preset=\u00a0\u00bbdefault\u00a0\u00bb global_colors_info=\u00a0\u00bb{}\u00a0\u00bb][et_pb_column type=\u00a0\u00bb1_3&Prime; _builder_version=\u00a0\u00bb4.27.5&Prime; _module_preset=\u00a0\u00bbdefault\u00a0\u00bb global_colors_info=\u00a0\u00bb{}\u00a0\u00bb][et_pb_image src=\u00a0\u00bbhttps:\/\/lafabriquedemotions.fr\/wp-content\/uploads\/2026\/02\/4_Lart_du_detail-1.jpeg\u00a0\u00bb title_text=\u00a0\u00bb4_L&rsquo;art_du_de\u0301tail (1)\u00a0\u00bb _builder_version=\u00a0\u00bb4.27.5&Prime; _module_preset=\u00a0\u00bbdefault\u00a0\u00bb global_colors_info=\u00a0\u00bb{}\u00a0\u00bb][\/et_pb_image][et_pb_text _builder_version=\u00a0\u00bb4.27.5&Prime; _module_preset=\u00a0\u00bbdefault\u00a0\u00bb text_font=\u00a0\u00bbMontserrat||||||||\u00a0\u00bb text_text_color=\u00a0\u00bb#21315F\u00a0\u00bb text_line_height=\u00a0\u00bb2em\u00a0\u00bb header_4_font=\u00a0\u00bbCormorant Garamond||||||||\u00a0\u00bb header_4_text_align=\u00a0\u00bbcenter\u00a0\u00bb header_4_text_color=\u00a0\u00bb#21315F\u00a0\u00bb custom_margin=\u00a0\u00bb70px|||||\u00a0\u00bb global_colors_info=\u00a0\u00bb{}\u00a0\u00bb]<\/p>\n<h4 class=\"et_pb_module_header et-fb-editable-element et-fb-editable-element et-fb-editable-element__editing\" data-shortcode-id=\"3.1.0.0-1772704996192\" data-quickaccess-id=\"header\" contenteditable=\"true\">LA MAIN &amp; LE SAVOIR FAIRE<\/h4>\n<p style=\"text-align: justify;\">Depuis l&rsquo;enfance, j&rsquo;ai toujours eu besoin de cr\u00e9er et de transformer la mati\u00e8re. Ma passion pour les activit\u00e9s manuelles m&rsquo;a transmis une minutie et une pr\u00e9cision qui sont aujourd&rsquo;hui au c\u0153ur de mon m\u00e9tier. Cette approche artisanale est l&rsquo;essence m\u00eame de ma \u00ab\u00a0Fabrique\u00a0\u00bb : je fa\u00e7onne des d\u00e9cors faits main o\u00f9 chaque d\u00e9tail est soigneusement pens\u00e9. C\u2019est ce travail du geste et du c\u0153ur qui donne une \u00e2me unique \u00e0 vos \u00e9v\u00e9nements et rend vos c\u00e9l\u00e9brations vraiment personnelles.<\/p>\n<p>[\/et_pb_text][\/et_pb_column][et_pb_column type=\u00a0\u00bb1_3&Prime; _builder_version=\u00a0\u00bb4.27.5&Prime; _module_preset=\u00a0\u00bbdefault\u00a0\u00bb global_colors_info=\u00a0\u00bb{}\u00a0\u00bb][et_pb_image src=\u00a0\u00bbhttps:\/\/lafabriquedemotions.fr\/wp-content\/uploads\/2026\/02\/5_la_famille-1.jpg\u00a0\u00bb title_text=\u00a0\u00bb5_la_famille (1)\u00a0\u00bb _builder_version=\u00a0\u00bb4.27.5&Prime; _module_preset=\u00a0\u00bbdefault\u00a0\u00bb global_colors_info=\u00a0\u00bb{}\u00a0\u00bb][\/et_pb_image][et_pb_text _builder_version=\u00a0\u00bb4.27.5&Prime; _module_preset=\u00a0\u00bbdefault\u00a0\u00bb text_font=\u00a0\u00bbMontserrat||||||||\u00a0\u00bb text_text_color=\u00a0\u00bb#21315F\u00a0\u00bb text_line_height=\u00a0\u00bb2em\u00a0\u00bb header_4_font=\u00a0\u00bbCormorant Garamond||||||||\u00a0\u00bb header_4_text_align=\u00a0\u00bbcenter\u00a0\u00bb header_4_text_color=\u00a0\u00bb#21315F\u00a0\u00bb custom_margin=\u00a0\u00bb70px|||||\u00a0\u00bb global_colors_info=\u00a0\u00bb{}\u00a0\u00bb]<\/p>\n<h4 class=\"et_pb_module_header et-fb-editable-element et-fb-editable-element et-fb-editable-element__editing\" data-shortcode-id=\"3.1.0.0-1772704996192\" data-quickaccess-id=\"header\" contenteditable=\"true\">LA FAMILLE<\/h4>\n<p style=\"text-align: justify;\">Pour moi, la famille est un pilier, le th\u00e9\u00e2tre de nos souvenirs les plus pr\u00e9cieux. Je suis convaincue que c\u00e9l\u00e9brer les bonheurs de la vie petits ou grands est essentiel pour nourrir ces liens uniques. Dans un quotidien qui s&rsquo;acc\u00e9l\u00e8re, s&rsquo;offrir une parenth\u00e8se pour se rassembler et partager un instant de joie devient un v\u00e9ritable tr\u00e9sor.<\/p>\n<p>[\/et_pb_text][\/et_pb_column][et_pb_column type=\u00a0\u00bb1_3&Prime; _builder_version=\u00a0\u00bb4.27.5&Prime; _module_preset=\u00a0\u00bbdefault\u00a0\u00bb global_colors_info=\u00a0\u00bb{}\u00a0\u00bb][et_pb_image src=\u00a0\u00bbhttps:\/\/lafabriquedemotions.fr\/wp-content\/uploads\/2026\/02\/2_bouquet_mariee-1.jpg\u00a0\u00bb title_text=\u00a0\u00bb2_bouquet_marie\u0301e (1)\u00a0\u00bb _builder_version=\u00a0\u00bb4.27.5&Prime; _module_preset=\u00a0\u00bbdefault\u00a0\u00bb global_colors_info=\u00a0\u00bb{}\u00a0\u00bb][\/et_pb_image][et_pb_text _builder_version=\u00a0\u00bb4.27.5&Prime; _module_preset=\u00a0\u00bbdefault\u00a0\u00bb text_font=\u00a0\u00bbMontserrat||||||||\u00a0\u00bb text_text_color=\u00a0\u00bb#21315F\u00a0\u00bb text_line_height=\u00a0\u00bb2em\u00a0\u00bb header_4_font=\u00a0\u00bbCormorant Garamond||||||||\u00a0\u00bb header_4_text_color=\u00a0\u00bb#21315F\u00a0\u00bb custom_margin=\u00a0\u00bb70px|||||\u00a0\u00bb global_colors_info=\u00a0\u00bb{}\u00a0\u00bb]<\/p>\n<h4 class=\"et_pb_module_header et-fb-editable-element et-fb-editable-element et-fb-editable-element__editing\" data-shortcode-id=\"3.1.0.0-1772704996192\" data-quickaccess-id=\"header\" contenteditable=\"true\" style=\"text-align: center;\">LA\u00a0 NATURE<\/h4>\n<p style=\"text-align: justify;\">Ayant grandi au c\u0153ur du Var, j\u2019ai gard\u00e9 de mon enfance \u00e0 la campagne un lien vital avec la nature. C\u2019est l\u00e0 que je me ressource et que je puise mon inspiration : de la s\u00e9r\u00e9nit\u00e9 du bord de mer \u00e0 la po\u00e9sie d\u2019un sentier de colline ou d&rsquo;un champ de vignes.<br \/>Un rayon de soleil, le murmure des vagues&#8230; j\u2019aime d\u00e9celer la beaut\u00e9 dans les petits d\u00e9tails qui m\u2019entourent. Contempler les couleurs flamboyantes d\u2019un coucher de soleil est pour moi une source cr\u00e9ative infinie.<\/p>\n<p>[\/et_pb_text][\/et_pb_column][\/et_pb_row][et_pb_row _builder_version=\u00a0\u00bb4.27.5&Prime; _module_preset=\u00a0\u00bbdefault\u00a0\u00bb global_colors_info=\u00a0\u00bb{}\u00a0\u00bb][et_pb_column type=\u00a0\u00bb4_4&Prime; _builder_version=\u00a0\u00bb4.27.5&Prime; _module_preset=\u00a0\u00bbdefault\u00a0\u00bb global_colors_info=\u00a0\u00bb{}\u00a0\u00bb][et_pb_button button_url=\u00a0\u00bb@ET-DC@eyJkeW5hbWljIjp0cnVlLCJjb250ZW50IjoicG9zdF9saW5rX3VybF9wYWdlIiwic2V0dGluZ3MiOnsicG9zdF9pZCI6IjE3In19@\u00a0\u00bb button_text=\u00a0\u00bbD\u00e9couvrir nos prestations\u00a0\u00bb button_alignment=\u00a0\u00bbcenter\u00a0\u00bb _builder_version=\u00a0\u00bb4.27.5&Prime; _dynamic_attributes=\u00a0\u00bbbutton_url\u00a0\u00bb _module_preset=\u00a0\u00bbdefault\u00a0\u00bb custom_button=\u00a0\u00bbon\u00a0\u00bb button_text_size=\u00a0\u00bb18px\u00a0\u00bb button_text_color=\u00a0\u00bb#FFFFFF\u00a0\u00bb button_bg_color=\u00a0\u00bb#21315F\u00a0\u00bb button_border_width=\u00a0\u00bb1px\u00a0\u00bb button_font=\u00a0\u00bbCormorant Garamond|||on|||||\u00a0\u00bb global_colors_info=\u00a0\u00bb{}\u00a0\u00bb][\/et_pb_button][\/et_pb_column][\/et_pb_row][\/et_pb_section]<\/p>\n","protected":false},"excerpt":{"rendered":"<p>portrait D\u00e9couvrez ce qui ce cache derri\u00e8re La Fabrique d\u2019\u00c9motions&#8230;SARAH ARBIEvent Planner &amp; Designer &nbsp; MON PARCOURS Dipl\u00f4m\u00e9e d&rsquo;un BTS Communication et d&rsquo;un Bachelor \u00c9v\u00e9nementiel \u00e0 Aix-en-Provence, j&rsquo;ai fait de ma passion pour l&rsquo;organisation mon m\u00e9tier. Qu&rsquo;il s&rsquo;agisse de c\u00e9l\u00e9brations familiales, d&rsquo;anniversaires ou de moments de vie pr\u00e9cieux, je mets mon expertise au service de [&hellip;]<\/p>\n","protected":false},"author":1,"featured_media":0,"parent":0,"menu_order":0,"comment_status":"closed","ping_status":"closed","template":"","meta":{"_et_pb_use_builder":"on","_et_pb_old_content":"<!-- wp:divi\/placeholder \/-->","_et_gb_content_width":"","footnotes":""},"class_list":["post-13","page","type-page","status-publish","hentry"],"_links":{"self":[{"href":"https:\/\/lafabriquedemotions.fr\/index.php\/wp-json\/wp\/v2\/pages\/13","targetHints":{"allow":["GET"]}}],"collection":[{"href":"https:\/\/lafabriquedemotions.fr\/index.php\/wp-json\/wp\/v2\/pages"}],"about":[{"href":"https:\/\/lafabriquedemotions.fr\/index.php\/wp-json\/wp\/v2\/types\/page"}],"author":[{"embeddable":true,"href":"https:\/\/lafabriquedemotions.fr\/index.php\/wp-json\/wp\/v2\/users\/1"}],"replies":[{"embeddable":true,"href":"https:\/\/lafabriquedemotions.fr\/index.php\/wp-json\/wp\/v2\/comments?post=13"}],"version-history":[{"count":21,"href":"https:\/\/lafabriquedemotions.fr\/index.php\/wp-json\/wp\/v2\/pages\/13\/revisions"}],"predecessor-version":[{"id":454,"href":"https:\/\/lafabriquedemotions.fr\/index.php\/wp-json\/wp\/v2\/pages\/13\/revisions\/454"}],"wp:attachment":[{"href":"https:\/\/lafabriquedemotions.fr\/index.php\/wp-json\/wp\/v2\/media?parent=13"}],"curies":[{"name":"wp","href":"https:\/\/api.w.org\/{rel}","templated":true}]}}